{"id":378,"date":"2018-08-13T20:15:23","date_gmt":"2018-08-13T18:15:23","guid":{"rendered":"http:\/\/theater-eugendorf.at\/?page_id=378"},"modified":"2018-08-13T20:23:25","modified_gmt":"2018-08-13T18:23:25","slug":"datenschutz","status":"publish","type":"page","link":"https:\/\/theater-eugendorf.at\/index.php\/datenschutz\/","title":{"rendered":"Datenschutz"},"content":{"rendered":"<h2><strong>Datenschutzerkl\u00e4rung<\/strong><\/h2>\n<h4><strong>Grundlegendes<\/strong><\/h4>\n<p>Wir nehmen Ihren Datenschutz sehr ernst und behandeln Ihre personenbezogenen Daten vertraulich und entsprechend der gesetzlichen Vorschriften. Da\u00a0durch neue Technologien und die st\u00e4ndige Weiterentwicklung dieser Webseite \u00c4nderungen\u00a0an dieser Datenschutzerkl\u00e4rung vorgenommen werden k\u00f6nnen, empfehlen wir Ihnen sich die\u00a0Datenschutzerkl\u00e4rung in regelm\u00e4\u00dfigen Abst\u00e4nden wieder durchzulesen.\u00a0Definitionen der verwendeten Begriffe (z.B. \u201cpersonenbezogene Daten\u201d oder \u201cVerarbeitung\u201d)\u00a0finden Sie in Art. 4 DSGVO.<\/p>\n<p>&nbsp;<\/p>\n<h4>Zugriffsdaten<\/h4>\n<p>Wir, der Websitebetreiber bzw. Seitenprovider, erheben aufgrund unseres berechtigten\u00a0Interesses (s. Art. 6 Abs. 1 lit. f. DSGVO) Daten \u00fcber Zugriffe auf die Website und speichern\u00a0diese als \u201eServer-Logfiles\u201c auf dem Server der Website ab. Folgende Daten werden so\u00a0protokolliert:<br \/>\n\u2022 Besuchte Website<br \/>\n\u2022 Uhrzeit zum Zeitpunkt des Zugriffes<br \/>\n\u2022 Menge der gesendeten Daten in Byte<br \/>\n\u2022 Quelle\/Verweis, von welchem Sie auf die Seite gelangten<br \/>\n\u2022 Verwendeter Browser<br \/>\n\u2022 Verwendetes Betriebssystem<br \/>\n\u2022 Verwendete IP-Adresse<br \/>\nDie Server-Logfiles werden f\u00fcr maximal 7 Tage gespeichert und anschlie\u00dfend gel\u00f6scht. Die\u00a0Speicherung der Daten erfolgt aus Sicherheitsgr\u00fcnden, um z. B. Missbrauchsf\u00e4lle aufkl\u00e4ren\u00a0zu k\u00f6nnen. M\u00fcssen Daten aus Beweisgr\u00fcnden aufgehoben werden, sind sie solange von der\u00a0L\u00f6schung ausgenommen bis der Vorfall endg\u00fcltig gekl\u00e4rt ist.<\/p>\n<p>&nbsp;<\/p>\n<h4>Cookies<\/h4>\n<p>Diese Website verwendet Cookies.\u00a0Bei Cookies handelt es sich um kleine Dateien, welche auf Ihrem\u00a0Endger\u00e4t gespeichert werden. Ihr Browser greift auf diese Dateien zu. Durch den Einsatz\u00a0von Cookies erh\u00f6ht sich die Benutzerfreundlichkeit und Sicherheit dieser Website.<\/p>\n<p>G\u00e4ngige Browser bieten die Einstellungsoption, Cookies nicht zuzulassen. Hinweis: Es ist\u00a0nicht gew\u00e4hrleistet, dass Sie auf alle Funktionen dieser Website ohne Einschr\u00e4nkungen\u00a0zugreifen k\u00f6nnen, wenn Sie entsprechende Einstellungen vornehmen.<\/p>\n<p>Personenbezogener Daten werden nur intern verarbeitet und nicht weitergegeben.<\/p>\n<p>&nbsp;<\/p>\n<h4>Umgang mit Kontaktdaten<\/h4>\n<p>Nehmen Sie mit uns als Websitebetreiber durch die angebotenen Kontaktm\u00f6glichkeiten\u00a0Verbindung auf, werden Ihre Angaben gespeichert, damit auf diese zur Bearbeitung und\u00a0Beantwortung Ihrer Anfrage zur\u00fcckgegriffen werden kann. Ohne Ihre Einwilligung werden\u00a0diese Daten nicht an Dritte weitergegeben.<\/p>\n<p>&nbsp;<\/p>\n<h4>Umgang mit Kommentaren und Beitr\u00e4gen<\/h4>\n<p>Hinterlassen Sie auf dieser Website einen Kommentar, wird Ihre IP-Adresse\u00a0gespeichert. Dies erfolgt aufgrund unserer berechtigten Interessen im Sinne des Art. 6 Abs.\u00a01 lit. f. DSGVO und dient der Sicherheit von uns als Websitebetreiber: Denn sollte Ihr\u00a0Kommentar gegen geltendes Recht versto\u00dfen, k\u00f6nnen wir daf\u00fcr belangt werden, weshalb\u00a0wir ein Interesse an der Identit\u00e4t des Kommentar- bzw. Beitragsautors haben.<\/p>\n<p>&nbsp;<\/p>\n<h4>Google Analytics<\/h4>\n<p>Diese Website nutzt aufgrund unserer berechtigten Interessen zur Optimierung und Analyse\u00a0unseres Online-Angebots im Sinne des Art. 6 Abs. 1 lit. f. DSGVO den Dienst \u201eGoogle\u00a0Analytics\u201c, welcher von der Google Inc. (1600 Amphitheatre Parkway Mountain View, CA\u00a094043, USA) angeboten wird. Der Dienst (Google Analytics) verwendet \u201eCookies\u201c \u2013\u00a0Textdateien, welche auf Ihrem Endger\u00e4t gespeichert werden. Die durch die Cookies\u00a0gesammelten Informationen werden im Regelfall an einen Google-Server in den USA\u00a0gesandt und dort gespeichert.<br \/>\nGoogle LLC h\u00e4lt das europ\u00e4ische Datenschutzrecht ein und ist unter dem Privacy-ShieldAbkommen\u00a0zertifiziert:<br \/>\nhttps:\/\/www.privacyshield.gov\/participant?id=a2zt000000001L5AAI&#038;status=Active<br \/>\nAuf dieser Website greift die IP-Anonymisierung. Die IP-Adresse der Nutzer wird innerhalb\u00a0der Mitgliedsstaaten der EU und des Europ\u00e4ischen Wirtschaftsraum und in den anderen\u00a0Vertragsstaaten des Abkommens gek\u00fcrzt. Nur in Einzelf\u00e4llen wird die IP-Adresse zun\u00e4chst\u00a0ungek\u00fcrzt in die USA an einen Server von Google \u00fcbertragen und dort gek\u00fcrzt. Durch diese\u00a0K\u00fcrzung entf\u00e4llt der Personenbezug Ihrer IP-Adresse. Die vom Browser \u00fcbermittelte IP-Adresse\u00a0des Nutzers wird nicht mit anderen von Google gespeicherten Daten kombiniert.\u00a0Im Rahmen der Vereinbarung zur Auftragsdatenvereinbarung, welche wir als\u00a0Websitebetreiber mit der Google Inc. geschlossen haben, erstellt diese mithilfe der\u00a0gesammelten Informationen eine Auswertung der Websitenutzung und der Websiteaktivit\u00e4t\u00a0und erbringt mit der Internetnutzung verbundene Dienstleistungen.\u00a0Die von Google in unserem Auftrag erhobenen Daten werden genutzt, um die Nutzung\u00a0unseres Online-Angebots durch die einzelnen Nutzer auswerten zu k\u00f6nnen, z. B. um\u00a0Reports \u00fcber die Aktivit\u00e4t auf der Website zu erstellen, um unser Online-Angebot zu\u00a0verbessern.<br \/>\nSie haben die M\u00f6glichkeit, die Speicherung der Cookies auf Ihrem Ger\u00e4t zu verhindern,\u00a0indem Sie in Ihrem Browser entsprechende Einstellungen vornehmen. Es ist nicht\u00a0gew\u00e4hrleistet, dass Sie auf alle Funktionen dieser Website ohne Einschr\u00e4nkungen zugreifen\u00a0k\u00f6nnen, wenn Ihr Browser keine Cookies zul\u00e4sst.\u00a0Weiterhin k\u00f6nnen Sie durch ein Browser-Plugin verhindern, dass die durch Cookies\u00a0gesammelten Informationen (inklusive Ihrer IP-Adresse) an die Google Inc. gesendet und\u00a0von der Google Inc. genutzt werden. Folgender Link f\u00fchrt Sie zu dem entsprechenden<br \/>\nPlugin: https:\/\/tools.google.com\/dlpage\/gaoptout?hl=de<br \/>\nIhr Browser muss die Speicherung von\u00a0Cookies also hierzu grunds\u00e4tzlich erlauben. L\u00f6schen Sie Ihre Cookies regelm\u00e4\u00dfig, ist ein\u00a0erneuter Klick auf den Link bei jedem Besuch dieser Website vonn\u00f6ten.<br \/>\nHier finden Sie weitere Informationen zur Datennutzung durch die Google Inc.:<br \/>\n\u2022 https:\/\/policies.google.com\/privacy\/partners?hl=de (Daten, die von GooglePartnern\u00a0erhoben werden)<br \/>\n\u2022 https:\/\/adssettings.google.de\/authenticated (Einstellungen \u00fcber Werbung, die\u00a0Ihnen angezeigt wird)<br \/>\n\u2022 https:\/\/policies.google.com\/technologies\/ads?hl=de (Verwendung von Cookies in\u00a0Anzeigen)<\/p>\n<p>&nbsp;<\/p>\n<h4>Newsletter-Abonnement<\/h4>\n<p>Wir bietet Ihnen einen Newsletter an, in welchem wir Sie \u00fcber aktuelle\u00a0Spieltermine informieren. M\u00f6chten Sie den Newsletter abonnieren, m\u00fcssen\u00a0Sie eine valide E-Mail-Adresse angeben. Wenn Sie den Newsletter abonnieren, erkl\u00e4ren Sie\u00a0sich mit dem Newsletter-Empfang und den erl\u00e4uterten Verfahren einverstanden.\u00a0Der Newsletterversand erfolgt durch den Webmaster nicht automatisiert \u00fcber ein normales E-Mail-Postfach.\u00a0Widerruf und K\u00fcndigung: Ihre Einwilligung zum Erhalt des Newsletter k\u00f6nnen Sie jederzeit\u00a0widerrufen und somit das Newsletter-Abonnement k\u00fcndigen. Nach Ihrer K\u00fcndigung erfolgt\u00a0die L\u00f6schung Ihre personenbezogenen Daten. Ihre Einwilligung in den Newsletterversand\u00a0erlischt gleichzeitig. Am Ende jedes Newsletters finden Sie den Link zur K\u00fcndigung.<\/p>\n<p>&nbsp;<\/p>\n<h4>Rechte des Nutzers<\/h4>\n<p>Sie haben als Nutzer das Recht, auf Antrag eine kostenlose Auskunft dar\u00fcber zu erhalten,\u00a0welche personenbezogenen Daten \u00fcber Sie gespeichert wurden. Sie haben au\u00dferdem das\u00a0Recht auf Berichtigung falscher Daten und auf die Verarbeitungseinschr\u00e4nkung oder\u00a0L\u00f6schung Ihrer personenbezogenen Daten.<\/p>\n<p>&nbsp;<\/p>\n<h4>L\u00f6schung von Daten<\/h4>\n<p>Sofern Ihr Wunsch nicht mit einer gesetzlichen Pflicht zur Aufbewahrung von Daten (z. B.\u00a0Vorratsdatenspeicherung) kollidiert, haben Sie ein Anrecht auf L\u00f6schung Ihrer Daten. Von\u00a0uns gespeicherte Daten werden, sollten sie f\u00fcr ihre Zweckbestimmung nicht mehr vonn\u00f6ten\u00a0sein und es keine gesetzlichen Aufbewahrungsfristen geben, gel\u00f6scht. Falls eine L\u00f6schung\u00a0nicht durchgef\u00fchrt werden kann, da die Daten f\u00fcr zul\u00e4ssige gesetzliche Zwecke erforderlich\u00a0sind, erfolgt eine Einschr\u00e4nkung der Datenverarbeitung. In diesem Fall werden die Daten\u00a0gesperrt und nicht f\u00fcr andere Zwecke verarbeitet.<\/p>\n<p>&nbsp;<\/p>\n<h4>Widerspruchsrecht<\/h4>\n<p>Nutzer dieser Webseite k\u00f6nnen von ihrem Widerspruchsrecht Gebrauch machen und der\u00a0Verarbeitung ihrer personenbezogenen Daten zu jeder Zeit widersprechen.\u00a0Wenn Sie eine Berichtigung, Sperrung, L\u00f6schung oder Auskunft \u00fcber die zu Ihrer Person\u00a0gespeicherten personenbezogenen Daten w\u00fcnschen oder Fragen bzgl. der Erhebung,\u00a0Verarbeitung oder Verwendung Ihrer\u00a0 personenbezogenen Daten haben oder erteilte\u00a0Einwilligungen widerrufen m\u00f6chten, wenden Sie sich bitte an den <a href=\"\/index.php\/mail\/?an=Webmaster\">Webmaster\u00a0<\/a><\/p>\n","protected":false},"excerpt":{"rendered":"<p>Datenschutzerkl\u00e4rung Grundlegendes Wir nehmen Ihren Datenschutz sehr ernst und behandeln Ihre personenbezogenen Daten vertraulich und entsprechend der gesetzlichen Vorschriften. Da\u00a0durch neue Technologien und die st\u00e4ndige Weiterentwicklung dieser Webseite \u00c4nderungen\u00a0an dieser Datenschutzerkl\u00e4rung vorgenommen werden k\u00f6nnen, empfehlen wir Ihnen sich die\u00a0Datenschutzerkl\u00e4rung in regelm\u00e4\u00dfigen Abst\u00e4nden wieder durchzulesen.\u00a0Definitionen der verwendeten Begriffe (z.B. \u201cpersonenbezogene Daten\u201d oder \u201cVerarbeitung\u201d)\u00a0finden Sie in Art. [&hellip;]<\/p>\n","protected":false},"author":1,"featured_media":0,"parent":0,"menu_order":0,"comment_status":"closed","ping_status":"closed","template":"","meta":[],"_links":{"self":[{"href":"https:\/\/theater-eugendorf.at\/index.php\/wp-json\/wp\/v2\/pages\/378"}],"collection":[{"href":"https:\/\/theater-eugendorf.at\/index.php\/wp-json\/wp\/v2\/pages"}],"about":[{"href":"https:\/\/theater-eugendorf.at\/index.php\/wp-json\/wp\/v2\/types\/page"}],"author":[{"embeddable":true,"href":"https:\/\/theater-eugendorf.at\/index.php\/wp-json\/wp\/v2\/users\/1"}],"replies":[{"embeddable":true,"href":"https:\/\/theater-eugendorf.at\/index.php\/wp-json\/wp\/v2\/comments?post=378"}],"version-history":[{"count":2,"href":"https:\/\/theater-eugendorf.at\/index.php\/wp-json\/wp\/v2\/pages\/378\/revisions"}],"predecessor-version":[{"id":381,"href":"https:\/\/theater-eugendorf.at\/index.php\/wp-json\/wp\/v2\/pages\/378\/revisions\/381"}],"wp:attachment":[{"href":"https:\/\/theater-eugendorf.at\/index.php\/wp-json\/wp\/v2\/media?parent=378"}],"curies":[{"name":"wp","href":"https:\/\/api.w.org\/{rel}","templated":true}]}}